{"id":14225,"date":"2022-10-31T14:02:51","date_gmt":"2022-10-31T14:02:51","guid":{"rendered":"https:\/\/deliceland.com\/produit\/entdeckung-loukoum-box\/"},"modified":"2025-10-14T09:23:15","modified_gmt":"2025-10-14T09:23:15","slug":"decouvert-loukoum-box","status":"publish","type":"product","link":"https:\/\/deliceland.com\/de\/decouvert-loukoum-box\/","title":{"rendered":"Entdeckung loukoum box"},"content":{"rendered":"<p>Sie wissen nicht, welchen Loukoum Sie w\u00e4hlen sollen? <strong>Entdecken Sie unsere Loukoum-Entdeckerbox mit mehr als einem Dutzend Sorten<\/strong>: Probieren Sie, erforschen Sie und treffen Sie Ihre Wahl! Wir haben die besten Loukoums f\u00fcr Sie ausgew\u00e4hlt!<\/p>\n<p><strong>In dieser Box finden Sie eine Vielzahl von Mischungen und Geschmacksrichtungen, unsere klassischen Loukoums: Loukoum Pistache, Loukoum mit roten Fr\u00fcchten, Loukoum Mandel, Loukoum Kokosnuss, Loukoum mit Feigen, Loukoum Berberis, Loukoum Brownie, Loukoum Kada\u00eff, Loukoum Granatapfel&#8230;<\/strong><\/p>\n<p>D\u00e9lice land garantiert Ihnen, dass unsere Produkte <strong>handwerklich<\/strong> hergestellt werden, mit einem direkt aus der T\u00fcrkei stammenden Know-how, um den besten traditionsgetreuen Loukoum herzustellen. Wir haben f\u00fcr Sie die besten Zutaten und Qualit\u00e4tsprodukte ausgew\u00e4hlt, um den Loukoum mit den authentischsten Aromen und dem authentischsten Geschmack herzustellen.<\/p>\n<div id=\"mciapp-exclusion-container\"><\/div>\n","protected":false},"excerpt":{"rendered":"<p data-pm-slice=\"1 1 []\">Lust auf Entdeckungen und neue Geschm\u00e4cker? D\u00e9lice Land schl\u00e4gt Ihnen vor, die K\u00f6stlichkeit unserer Loukoums mit der Box loukoum d\u00e9couverte zu erkunden!<\/p>\n<p data-pm-slice=\"1 1 []\"><strong>\ud83d\udc49 4 Sorten f\u00fcr 300 g<\/strong><\/p>\n<p data-pm-slice=\"1 1 []\"><strong>\ud83d\udc49 6 Sorten f\u00fcr 700 g<\/strong><\/p>\n<p data-pm-slice=\"1 1 []\"><strong>\ud83d\udc49 8 Sorten f\u00fcr 1,5 kg<\/strong><\/p>\n<div id=\"mciapp-exclusion-container\"><\/div>\n<div id=\"mciapp-exclusion-container\"><\/div>\n","protected":false},"featured_media":14143,"comment_status":"open","ping_status":"closed","template":"","meta":[],"product_brand":[],"product_cat":[329,144,141,147,337],"product_tag":[],"class_list":{"0":"post-14225","1":"product","2":"type-product","3":"status-publish","4":"has-post-thumbnail","6":"product_cat-lokum-de","7":"product_cat-deluxe-de","8":"product_cat-gemischt","9":"product_cat-premium-de","10":"product_cat-ramadan-de","11":"product_shipping_class-packlink-de","12":"pa_grammage-1500gr-de","13":"pa_grammage-300gr-de-de","14":"pa_grammage-700-g-de","15":"tm-no-options-pxq","17":"first","18":"instock","19":"taxable","20":"shipping-taxable","21":"purchasable","22":"product-type-variable"},"_links":{"self":[{"href":"https:\/\/deliceland.com\/de\/wp-json\/wp\/v2\/product\/14225","targetHints":{"allow":["GET"]}}],"collection":[{"href":"https:\/\/deliceland.com\/de\/wp-json\/wp\/v2\/product"}],"about":[{"href":"https:\/\/deliceland.com\/de\/wp-json\/wp\/v2\/types\/product"}],"replies":[{"embeddable":true,"href":"https:\/\/deliceland.com\/de\/wp-json\/wp\/v2\/comments?post=14225"}],"wp:featuredmedia":[{"embeddable":true,"href":"https:\/\/deliceland.com\/de\/wp-json\/wp\/v2\/media\/14143"}],"wp:attachment":[{"href":"https:\/\/deliceland.com\/de\/wp-json\/wp\/v2\/media?parent=14225"}],"wp:term":[{"taxonomy":"product_brand","embeddable":true,"href":"https:\/\/deliceland.com\/de\/wp-json\/wp\/v2\/product_brand?post=14225"},{"taxonomy":"product_cat","embeddable":true,"href":"https:\/\/deliceland.com\/de\/wp-json\/wp\/v2\/product_cat?post=14225"},{"taxonomy":"product_tag","embeddable":true,"href":"https:\/\/deliceland.com\/de\/wp-json\/wp\/v2\/product_tag?post=14225"}],"curies":[{"name":"wp","href":"https:\/\/api.w.org\/{rel}","templated":true}]}}