{"id":13956,"date":"2022-03-01T19:26:56","date_gmt":"2022-03-01T19:26:56","guid":{"rendered":"https:\/\/deliceland.com\/produit\/gestalten-sie-ihre-box-selbst\/"},"modified":"2026-04-18T22:17:42","modified_gmt":"2026-04-18T22:17:42","slug":"gestalten-sie-ihre-box-selbst","status":"publish","type":"product","link":"https:\/\/deliceland.com\/de\/gestalten-sie-ihre-box-selbst\/","title":{"rendered":"Gestalten Sie Ihre Box selbst"},"content":{"rendered":"<div class=\"wpb-content-wrapper\"><p>[vc_row][vc_column][vc_column_text woodmart_inline=&#8221;no&#8221; text_larger=&#8221;no&#8221;]<strong>Sie k\u00f6nnen sich die lokums aussuchen, auf die Sie Lust haben, und sie bestellen, um sie zu probieren!<\/strong><\/p>\n<p>Unsere Lokum werden in Handarbeit und mit unvergleichlichem Know-how direkt aus Istanbul, der Hauptstadt des Lokum, hergestellt! D\u00e9lice Land bietet Ihnen eine gro\u00dfe Auswahl an Geschm\u00e4ckern und Geschmacksrichtungen an, aus denen Sie Ihre eigene Loukoum-Box zusammenstellen k\u00f6nnen: F\u00fcr die Fans von knusprigen Produkten haben wir eine gro\u00dfe Auswahl an Loukoums auf Basis von N\u00fcssen mit <strong>Mandel-, Haselnuss- und Pistazien-Loukoum<\/strong>Die Produkte werden nach ihrer Qualit\u00e4t ausgew\u00e4hlt und verfeinern das lokum.<\/p>\n<p>Genie\u00dfen Sie auch die S\u00fc\u00dfe und Leichtigkeit unserer <strong>Loukoums mit Granatapfel, Milch, Kokosnuss und Kaydafi<\/strong> und die originelleren Versionen wie <strong>Loukoum mit Brownie, Cookie oder Oreo<\/strong>, ganz neue Geschmacksrichtungen, die Gro\u00df und Klein begeistern werden. Nicht zu vergessen ist der klassische <strong>Rosenloukum<\/strong>, den man am besten mit einem Glas Tee oder Kaffee genie\u00dft.<\/p>\n<p><strong>Gestalten Sie Ihre Box mit dem Gewicht und den Geschmacksrichtungen<\/strong>, die Ihnen zusagen, f\u00fcgen Sie eine pers\u00f6nliche Nachricht hinzu, wenn Sie m\u00f6chten, und genie\u00dfen Sie sie so schnell wie m\u00f6glich mit unserem <strong>48-Stunden-Versandservice<\/strong>!<\/p>\n<div id=\"mciapp-exclusion-container\"><\/div>\n<p>[\/vc_column_text][\/vc_column][\/vc_row]<\/p>\n<\/div>","protected":false},"excerpt":{"rendered":"<p><strong>Gestalten Sie Ihre Loukoum-Box<\/strong> nach Ihrem Geschmack und Ihrer Lust auf neue Entdeckungen neue Sensationen \u00fcberraschen Sie sich und Ihre G\u00e4ste!<\/p>\n<p><strong>Die Box enth\u00e4lt:<\/strong><\/p>\n<p><strong>\ud83d\udc49 6 Sorten f\u00fcr 700 g<\/strong><br \/>\n<strong>\ud83d\udc49 8 Sorten f\u00fcr 1,5 kg<\/strong><\/p>\n","protected":false},"featured_media":13958,"comment_status":"open","ping_status":"closed","template":"","meta":[],"product_brand":[],"product_cat":[141,144,147,337],"product_tag":[],"class_list":{"0":"post-13956","1":"product","2":"type-product","3":"status-publish","4":"has-post-thumbnail","6":"product_cat-gemischt","7":"product_cat-deluxe-de","8":"product_cat-premium-de","9":"product_cat-ramadan-de","10":"product_shipping_class-packlink-de","11":"tm-has-options","13":"first","14":"instock","15":"sale","16":"taxable","17":"shipping-taxable","18":"purchasable","19":"product-type-simple"},"_links":{"self":[{"href":"https:\/\/deliceland.com\/de\/wp-json\/wp\/v2\/product\/13956","targetHints":{"allow":["GET"]}}],"collection":[{"href":"https:\/\/deliceland.com\/de\/wp-json\/wp\/v2\/product"}],"about":[{"href":"https:\/\/deliceland.com\/de\/wp-json\/wp\/v2\/types\/product"}],"replies":[{"embeddable":true,"href":"https:\/\/deliceland.com\/de\/wp-json\/wp\/v2\/comments?post=13956"}],"wp:featuredmedia":[{"embeddable":true,"href":"https:\/\/deliceland.com\/de\/wp-json\/wp\/v2\/media\/13958"}],"wp:attachment":[{"href":"https:\/\/deliceland.com\/de\/wp-json\/wp\/v2\/media?parent=13956"}],"wp:term":[{"taxonomy":"product_brand","embeddable":true,"href":"https:\/\/deliceland.com\/de\/wp-json\/wp\/v2\/product_brand?post=13956"},{"taxonomy":"product_cat","embeddable":true,"href":"https:\/\/deliceland.com\/de\/wp-json\/wp\/v2\/product_cat?post=13956"},{"taxonomy":"product_tag","embeddable":true,"href":"https:\/\/deliceland.com\/de\/wp-json\/wp\/v2\/product_tag?post=13956"}],"curies":[{"name":"wp","href":"https:\/\/api.w.org\/{rel}","templated":true}]}}