{"id":14345,"date":"2022-09-21T07:27:03","date_gmt":"2022-09-21T07:27:03","guid":{"rendered":"https:\/\/deliceland.com\/ueber\/"},"modified":"2023-12-18T10:56:02","modified_gmt":"2023-12-18T10:56:02","slug":"ueber","status":"publish","type":"page","link":"https:\/\/deliceland.com\/de\/ueber\/","title":{"rendered":"\u00dcber"},"content":{"rendered":"<div class=\"wpb-content-wrapper\"><p>[vc_row gap=&#8221;35&#8243; equal_height=&#8221;yes&#8221; content_placement=&#8221;top&#8221; css=&#8221;.vc_custom_1538568615552{margin-bottom: 4vh !important;}&#8221; woodmart_parallax=&#8221;0&#8243; woodmart_gradient_switch=&#8221;no&#8221; row_reverse_mobile=&#8221;0&#8243; row_reverse_tablet=&#8221;0&#8243; woodmart_disable_overflow=&#8221;0&#8243;][vc_column woodmart_parallax=&#8221;0&#8243; parallax_scroll=&#8221;no&#8221; woodmart_sticky_column=&#8221;false&#8221; css=&#8221;.vc_custom_1538568458450{margin-bottom: 4vh !important;padding-top: 0px !important;}&#8221; offset=&#8221;vc_col-lg-6 vc_col-md-6 vc_col-xs-12&#8243;][vc_single_image image=&#8221;16604&#8243; img_size=&#8221;full&#8221; alignment=&#8221;center&#8221; parallax_scroll=&#8221;no&#8221; css=&#8221;.vc_custom_1674573827122{margin-bottom: 0px !important;}&#8221; woodmart_inline=&#8221;no&#8221;][\/vc_column][vc_column woodmart_color_scheme=&#8221;dark&#8221; woodmart_parallax=&#8221;0&#8243; parallax_scroll=&#8221;no&#8221; woodmart_sticky_column=&#8221;false&#8221; css=&#8221;.vc_custom_1538568468606{margin-bottom: 4vh !important;padding-top: 0px !important;}&#8221; offset=&#8221;vc_col-lg-6 vc_col-md-6 vc_col-xs-12&#8243;]\n\t\t<div id=\"wd-63cffa9f05e1e\" class=\"title-wrapper wd-wpb wd-set-mb reset-last-child  wd-rs-63cffa9f05e1e wd-title-color-default wd-title-style-default text-left  wd-underline-colored\">\n\t\t\t\n\t\t\t<div class=\"liner-continer\">\n\t\t\t\t<h1 class=\"woodmart-title-container title  wd-font-weight- wd-fontsize-l\" >Entdecken Sie das Beste von Lokum<\/h1>\n\t\t\t\t\t\t\t<\/div>\n\t\t\t\n\t\t\t\n\t\t\t\n\t\t<\/div>\n\t\t\n\t\t[vc_row_inner][vc_column_inner width=&#8221;1\/6&#8243; css=&#8221;.vc_custom_1538139599864{margin-bottom: 4vh !important;padding-top: 0px !important;}&#8221;][\/vc_column_inner][vc_column_inner width=&#8221;2\/3&#8243;]\t\t\t<div id=\"wd-63cffaa8094ae\" class=\"wd-text-block-wrapper wd-wpb wd-rs-63cffaa8094ae color-scheme- text-left vc_custom_1674574512633\">\n\t\t\t\t<div class=\"woodmart-title-container woodmart-text-block reset-last-child font-primary wd-font-weight- \">\n\t\t\t\t\t<strong>DELICE LAND<\/strong> hei\u00dft Sie herzlich willkommen in der Welt der t\u00fcrkischen K\u00f6stlichkeiten! Wenn Sie Lokums lieben, dann ist D\u00e9lice Land da, um Ihnen die besten Lokums anzubieten. Unsere k\u00f6stlichen Loukoums werden mit Leidenschaft und Sorgfalt hergestellt, jedes St\u00fcck l\u00e4sst Ihnen das Wasser im Mund zusammenlaufen! Kaufen Sie Lokums online und genie\u00dfen Sie ihre S\u00fc\u00dfe!<\/p>\n<p><strong>Der handwerklich hergestellte Loukoum<\/strong>, den wir jeden Tag von Hand zubereiten, um Ihnen einen frischen Loukoum zu garantieren und dabei die traditionelle Methode einzuhalten. Unser s\u00fc\u00dfes Vergn\u00fcgen wird Ihren Gaumen und den Ihrer G\u00e4ste zu jedem Anlass verw\u00f6hnen.<\/p>\n<p><strong>Die wichtigste Figur der t\u00fcrkischen Kultur und des t\u00fcrkischen Geschmacks seit Jahrhunderten.<\/strong>  Heute setzen die Loukoums ihre Geschmacksreise fort, indem sie ihren Platz in der Welt dank ihrer erneuerten Geschmacksrichtungen ausbauen.<\/p>\n<p><strong>Deliceland&#8217; hat sich zum Ziel gesetzt, ab 2019 die hochwertigsten t\u00fcrkischen K\u00f6stlichkeiten nach Europa zu bringen.<\/strong>\t\t\t\t<\/div>\n\n\t\t\t\t\t\t\t<\/div>\n\t\t[\/vc_column_inner][vc_column_inner width=&#8221;1\/6&#8243;][\/vc_column_inner][\/vc_row_inner][\/vc_column][\/vc_row]<\/p>\n<\/div>","protected":false},"excerpt":{"rendered":"<p>[vc_row gap=&#8221;35&#8243; equal_height=&#8221;yes&#8221; content_placement=&#8221;top&#8221; css=&#8221;.vc_custom_1538568615552{margin-bottom: 4vh !important;}&#8221; woodmart_parallax=&#8221;0&#8243; woodmart_gradient_switch=&#8221;no&#8221; row_reverse_mobile=&#8221;0&#8243; row_reverse_tablet=&#8221;0&#8243; woodmart_disable_overflow=&#8221;0&#8243;][vc_column woodmart_parallax=&#8221;0&#8243; parallax_scroll=&#8221;no&#8221; woodmart_sticky_column=&#8221;false&#8221; css=&#8221;.vc_custom_1538568458450{margin-bottom: 4vh !important;padding-top: 0px !important;}&#8221;<\/p>\n","protected":false},"author":1,"featured_media":0,"parent":0,"menu_order":0,"comment_status":"closed","ping_status":"closed","template":"","meta":{"footnotes":""},"class_list":["post-14345","page","type-page","status-publish","hentry"],"_links":{"self":[{"href":"https:\/\/deliceland.com\/de\/wp-json\/wp\/v2\/pages\/14345","targetHints":{"allow":["GET"]}}],"collection":[{"href":"https:\/\/deliceland.com\/de\/wp-json\/wp\/v2\/pages"}],"about":[{"href":"https:\/\/deliceland.com\/de\/wp-json\/wp\/v2\/types\/page"}],"author":[{"embeddable":true,"href":"https:\/\/deliceland.com\/de\/wp-json\/wp\/v2\/users\/1"}],"replies":[{"embeddable":true,"href":"https:\/\/deliceland.com\/de\/wp-json\/wp\/v2\/comments?post=14345"}],"version-history":[{"count":0,"href":"https:\/\/deliceland.com\/de\/wp-json\/wp\/v2\/pages\/14345\/revisions"}],"wp:attachment":[{"href":"https:\/\/deliceland.com\/de\/wp-json\/wp\/v2\/media?parent=14345"}],"curies":[{"name":"wp","href":"https:\/\/api.w.org\/{rel}","templated":true}]}}