{"id":14058,"date":"2022-03-02T20:24:47","date_gmt":"2022-03-02T20:24:47","guid":{"rendered":"https:\/\/deliceland.com\/faq\/"},"modified":"2022-11-09T10:24:22","modified_gmt":"2022-11-09T10:24:22","slug":"faq","status":"publish","type":"page","link":"https:\/\/deliceland.com\/de\/faq\/","title":{"rendered":"Faq"},"content":{"rendered":"<div class=\"wpb-content-wrapper\"><p>[vc_row full_width=&#8221;stretch_row&#8221; css=&#8221;.vc_custom_1666268269982{margin-top: -40px !important;margin-bottom: 8vh !important;padding-top: 2vh !important;padding-bottom: 3vh !important;background-color: #892039 !important;}&#8221; mobile_bg_img_hidden=&#8221;no&#8221; tablet_bg_img_hidden=&#8221;no&#8221; woodmart_parallax=&#8221;0&#8243; woodmart_gradient_switch=&#8221;no&#8221; row_reverse_mobile=&#8221;0&#8243; row_reverse_tablet=&#8221;0&#8243; woodmart_disable_overflow=&#8221;0&#8243; woodmart_css_id=&#8221;63513c5eced1a&#8221; responsive_spacing=&#8221;eyJwYXJhbV90eXBlIjoid29vZG1hcnRfcmVzcG9uc2l2ZV9zcGFjaW5nIiwic2VsZWN0b3JfaWQiOiI2MzUxM2M1ZWNlZDFhIiwic2hvcnRjb2RlIjoidmNfcm93IiwiZGF0YSI6eyJ0YWJsZXQiOnt9LCJtb2JpbGUiOnt9fX0=&#8221; woodmart_box_shadow=&#8221;no&#8221; wd_z_index=&#8221;no&#8221;][vc_column woodmart_color_scheme=&#8221;light&#8221; offset=&#8221;vc_col-lg-offset-3 vc_col-lg-6 vc_col-md-offset-3 vc_col-md-6&#8243; mobile_bg_img_hidden=&#8221;no&#8221; tablet_bg_img_hidden=&#8221;no&#8221; woodmart_parallax=&#8221;0&#8243; woodmart_sticky_column=&#8221;false&#8221; parallax_scroll=&#8221;no&#8221; mobile_reset_margin=&#8221;no&#8221; tablet_reset_margin=&#8221;no&#8221;][vc_icon icon_fontawesome=&#8221;far fa-lightbulb&#8221; color=&#8221;custom&#8221; background_style=&#8221;rounded&#8221; background_color=&#8221;white&#8221; size=&#8221;lg&#8221; align=&#8221;center&#8221; custom_color=&#8221;#ff5e2b&#8221;][vc_custom_heading text=&#8221;H\u00e4ufig gestellte Fragen&#8221; font_container=&#8221;tag:h1|font_size:48|text_align:center|color:%23ffffff&#8221; use_theme_fonts=&#8221;yes&#8221; css=&#8221;.vc_custom_1666268250797{margin-bottom: 10px !important;}&#8221;][vc_column_text el_class=&#8221;text-larger&#8221; css=&#8221;.vc_custom_1666268165780{margin-bottom: 0px !important;padding-right: 9% !important;padding-left: 9% !important;}&#8221; text_larger=&#8221;no&#8221; woodmart_inline=&#8221;no&#8221;]<\/p>\n<p style=\"text-align: center;\">Suchen Sie Informationen \u00fcber unsere Produkte? Sehen Sie sich das Thema an, das Sie interessiert! Wenn Sie die Antwort auf Ihre Frage nicht gefunden haben, <a href=\"https:\/\/deliceland.com\/de\/kontaktieren-sie-uns\/\">schreiben Sie uns<\/a>!<\/p>\n<p>[\/vc_column_text][\/vc_column][\/vc_row][vc_row][vc_column width=&#8221;1\/6&#8243;][\/vc_column][vc_column width=&#8221;2\/3&#8243;]\n\t\t<div id=\"wd-618257e807c2a\" class=\"wd-accordion wd-wpb wd-rs-618257e807c2a  wd-style-default wd-titles-left wd-opener-pos-right wd-opener-style-arrow\" data-state=\"first\">\n\t\t\t\t\t\t\t\n\t\t\t\t\n\t\t\t\t<div class=\"wd-accordion-item\">\n\t\t\t\t\t<div class=\"wd-accordion-title wd-role-btn wd-active font-text wd-fontsize-s wd-font-weight-600\" data-accordion-index=\"0\" tabindex=\"0\">\n\t\t\t\t\t\t<div class=\"wd-accordion-title-text\">\n\t\t\t\t\t\t\t\t\t\t\t\t\t\t<span>\n\t\t\t\t\t\t\t\tWas ist ein Loukoum \/ Turkish Delight?\t\t\t\t\t\t\t<\/span>\n\t\t\t\t\t\t<\/div>\n\t\t\t\t\t\t<span class=\"wd-accordion-opener\"><\/span>\n\t\t\t\t\t<\/div>\n\n\t\t\t\t\t<div class=\"wd-accordion-content wd-entry-content wd-active\" data-accordion-index=\"0\">\n\t\t\t\t\t\t\t\t\t\t\t\t\t<p>Loukoum ist ein traditionelles t\u00fcrkisches Dessert, bei dem Zucker, Wasser und St\u00e4rke zu einer s\u00fc\u00dfen, weichen Leckerei verarbeitet werden.<\/p>\n<p>&nbsp;<\/p>\n<p>Es handelt sich um ein traditionelles Dessert, das zu besonderen Anl\u00e4ssen wie Festivals, Feiern, Zeremonien und zu Ihrem t\u00e4glichen Kaffee- oder Teetrinken serviert wird. Loukoums, deren Verzehr unter T\u00fcrken und Menschen aus aller Welt \u00fcblich ist, haben sich zu einem beliebten orientalischen Geb\u00e4ck entwickelt.<\/p>\n\t\t\t\t\t\t\t\t\t\t\t<\/div>\n\t\t\t\t<\/div>\n\t\t\t\t\t\t\t\n\t\t\t\t\n\t\t\t\t<div class=\"wd-accordion-item\">\n\t\t\t\t\t<div class=\"wd-accordion-title wd-role-btn font-text wd-fontsize-s wd-font-weight-600\" data-accordion-index=\"1\" tabindex=\"0\">\n\t\t\t\t\t\t<div class=\"wd-accordion-title-text\">\n\t\t\t\t\t\t\t\t\t\t\t\t\t\t<span>\n\t\t\t\t\t\t\t\tWie schmeckt Loukoum?\t\t\t\t\t\t\t<\/span>\n\t\t\t\t\t\t<\/div>\n\t\t\t\t\t\t<span class=\"wd-accordion-opener\"><\/span>\n\t\t\t\t\t<\/div>\n\n\t\t\t\t\t<div class=\"wd-accordion-content wd-entry-content\" data-accordion-index=\"1\">\n\t\t\t\t\t\t\t\t\t\t\t\t\t\n<p class=\"p1\">Loukoums sind geleeartige S\u00fc\u00dfwaren. Sie schmecken unterschiedlich, je nachdem, welche Aromen sie enthalten. Der Geschmack h\u00e4ngt also vom Produkt ab.<\/p>\n\t\t\t\t\t\t\t\t\t\t\t<\/div>\n\t\t\t\t<\/div>\n\t\t\t\t\t\t\t\n\t\t\t\t\n\t\t\t\t<div class=\"wd-accordion-item\">\n\t\t\t\t\t<div class=\"wd-accordion-title wd-role-btn font-text wd-fontsize-s wd-font-weight-600\" data-accordion-index=\"2\" tabindex=\"0\">\n\t\t\t\t\t\t<div class=\"wd-accordion-title-text\">\n\t\t\t\t\t\t\t\t\t\t\t\t\t\t<span>\n\t\t\t\t\t\t\t\tWas sind die Zutaten von Loukoum\/Turkish Delight?\t\t\t\t\t\t\t<\/span>\n\t\t\t\t\t\t<\/div>\n\t\t\t\t\t\t<span class=\"wd-accordion-opener\"><\/span>\n\t\t\t\t\t<\/div>\n\n\t\t\t\t\t<div class=\"wd-accordion-content wd-entry-content\" data-accordion-index=\"2\">\n\t\t\t\t\t\t\t\t\t\t\t\t\t<p>Loukoum besteht aus St\u00e4rke, Wasser, Zitronens\u00e4ure, Weins\u00e4ure und verschiedenen Aromen. Unsere Loukoums werden ausschlie\u00dflich aus nat\u00fcrlichen Aromen hergestellt.<\/p>\n\t\t\t\t\t\t\t\t\t\t\t<\/div>\n\t\t\t\t<\/div>\n\t\t\t\t\t\t\t\n\t\t\t\t\n\t\t\t\t<div class=\"wd-accordion-item\">\n\t\t\t\t\t<div class=\"wd-accordion-title wd-role-btn font-text wd-fontsize-s wd-font-weight-600\" data-accordion-index=\"3\" tabindex=\"0\">\n\t\t\t\t\t\t<div class=\"wd-accordion-title-text\">\n\t\t\t\t\t\t\t\t\t\t\t\t\t\t<span>\n\t\t\t\t\t\t\t\tWoraus besteht Loukoum?\t\t\t\t\t\t\t<\/span>\n\t\t\t\t\t\t<\/div>\n\t\t\t\t\t\t<span class=\"wd-accordion-opener\"><\/span>\n\t\t\t\t\t<\/div>\n\n\t\t\t\t\t<div class=\"wd-accordion-content wd-entry-content\" data-accordion-index=\"3\">\n\t\t\t\t\t\t\t\t\t\t\t\t\t<p>Wie bereits erw\u00e4hnt, sind die Zutaten f\u00fcr Loukoum St\u00e4rke, Wasser, Zitronens\u00e4ure, Weins\u00e4ure und verschiedene Aromastoffe.<\/p>\n\t\t\t\t\t\t\t\t\t\t\t<\/div>\n\t\t\t\t<\/div>\n\t\t\t\t\t\t\t\n\t\t\t\t\n\t\t\t\t<div class=\"wd-accordion-item\">\n\t\t\t\t\t<div class=\"wd-accordion-title wd-role-btn font-text wd-fontsize-s wd-font-weight-600\" data-accordion-index=\"4\" tabindex=\"0\">\n\t\t\t\t\t\t<div class=\"wd-accordion-title-text\">\n\t\t\t\t\t\t\t\t\t\t\t\t\t\t<span>\n\t\t\t\t\t\t\t\tSind Loukoums vegan?\t\t\t\t\t\t\t<\/span>\n\t\t\t\t\t\t<\/div>\n\t\t\t\t\t\t<span class=\"wd-accordion-opener\"><\/span>\n\t\t\t\t\t<\/div>\n\n\t\t\t\t\t<div class=\"wd-accordion-content wd-entry-content\" data-accordion-index=\"4\">\n\t\t\t\t\t\t\t\t\t\t\t\t\t<p>Das h\u00e4ngt wirklich vom Typ ab. Wie Sie wissen, gibt es verschiedene Arten von Loukoums. Haupts\u00e4chlich sind die naturbelassenen K\u00f6stlichkeiten und die K\u00f6stlichkeiten mit \u00fcberwiegend Fr\u00fcchten oder N\u00fcssen vegan. Sie bestehen also aus St\u00e4rke und Zucker. Aber einige von ihnen, wie die Sahne-Loukoums &#8220;Kaymak d&#8217;Afyon &#8220;*, sind nicht vegan. Und: Achten Sie auf den Gelatinegehalt. Daher ist es wichtig, verpackte Produkte zu kaufen und sich \u00fcber den Inhalt sicher zu sein.<\/p>\n<p>*geronnenes Rahm<\/p>\n\t\t\t\t\t\t\t\t\t\t\t<\/div>\n\t\t\t\t<\/div>\n\t\t\t\t\t\t\t\n\t\t\t\t\n\t\t\t\t<div class=\"wd-accordion-item\">\n\t\t\t\t\t<div class=\"wd-accordion-title wd-role-btn font-text wd-fontsize-s wd-font-weight-600\" data-accordion-index=\"5\" tabindex=\"0\">\n\t\t\t\t\t\t<div class=\"wd-accordion-title-text\">\n\t\t\t\t\t\t\t\t\t\t\t\t\t\t<span>\n\t\t\t\t\t\t\t\tEnth\u00e4lt Loukoum keine Milchprodukte?\t\t\t\t\t\t\t<\/span>\n\t\t\t\t\t\t<\/div>\n\t\t\t\t\t\t<span class=\"wd-accordion-opener\"><\/span>\n\t\t\t\t\t<\/div>\n\n\t\t\t\t\t<div class=\"wd-accordion-content wd-entry-content\" data-accordion-index=\"5\">\n\t\t\t\t\t\t\t\t\t\t\t\t\t<p>Er enth\u00e4lt nichts \u00fcber Milch. Es gibt jedoch einige Ausnahmen. Beispielsweise wird der &#8220;Afyon-Kaymak&#8221;, der geronnene Sahne enth\u00e4lt, aus Milch hergestellt. Bitte \u00fcberpr\u00fcfen Sie die Zutaten.<\/p>\n\t\t\t\t\t\t\t\t\t\t\t<\/div>\n\t\t\t\t<\/div>\n\t\t\t\t\t\t\t\n\t\t\t\t\n\t\t\t\t<div class=\"wd-accordion-item\">\n\t\t\t\t\t<div class=\"wd-accordion-title wd-role-btn font-text wd-fontsize-s wd-font-weight-600\" data-accordion-index=\"6\" tabindex=\"0\">\n\t\t\t\t\t\t<div class=\"wd-accordion-title-text\">\n\t\t\t\t\t\t\t\t\t\t\t\t\t\t<span>\n\t\t\t\t\t\t\t\tIst Loukoum halal? Koscher?\t\t\t\t\t\t\t<\/span>\n\t\t\t\t\t\t<\/div>\n\t\t\t\t\t\t<span class=\"wd-accordion-opener\"><\/span>\n\t\t\t\t\t<\/div>\n\n\t\t\t\t\t<div class=\"wd-accordion-content wd-entry-content\" data-accordion-index=\"6\">\n\t\t\t\t\t\t\t\t\t\t\t\t\t<p>Offensichtlich, ja, das ist er. In der T\u00fcrkei wird Loukoum aus Maisst\u00e4rke und nicht aus Gelatine hergestellt.<\/p>\n<div id=\"mciapp-exclusion-container\"><\/div>\n\t\t\t\t\t\t\t\t\t\t\t<\/div>\n\t\t\t\t<\/div>\n\t\t\t\t\t\t\t\n\t\t\t\t\n\t\t\t\t<div class=\"wd-accordion-item\">\n\t\t\t\t\t<div class=\"wd-accordion-title wd-role-btn font-text wd-fontsize-s wd-font-weight-600\" data-accordion-index=\"7\" tabindex=\"0\">\n\t\t\t\t\t\t<div class=\"wd-accordion-title-text\">\n\t\t\t\t\t\t\t\t\t\t\t\t\t\t<span>\n\t\t\t\t\t\t\t\tKann man Loukoum essen, wenn man schwanger ist?\t\t\t\t\t\t\t<\/span>\n\t\t\t\t\t\t<\/div>\n\t\t\t\t\t\t<span class=\"wd-accordion-opener\"><\/span>\n\t\t\t\t\t<\/div>\n\n\t\t\t\t\t<div class=\"wd-accordion-content wd-entry-content\" data-accordion-index=\"7\">\n\t\t\t\t\t\t\t\t\t\t\t\t\t\n<p class=\"p1\">Bitte stellen Sie diese Frage Ihrem Arzt. Wie zu erwarten, \u00e4ndert sich dies je nach Ihrem Gesundheitszustand. Wenn Sie keine gesundheitlichen Probleme haben, brauchen Sie sich keine Sorgen zu machen.<\/p>\n\t\t\t\t\t\t\t\t\t\t\t<\/div>\n\t\t\t\t<\/div>\n\t\t\t\t\t\t\t\n\t\t\t\t\n\t\t\t\t<div class=\"wd-accordion-item\">\n\t\t\t\t\t<div class=\"wd-accordion-title wd-role-btn font-text wd-fontsize-s wd-font-weight-600\" data-accordion-index=\"8\" tabindex=\"0\">\n\t\t\t\t\t\t<div class=\"wd-accordion-title-text\">\n\t\t\t\t\t\t\t\t\t\t\t\t\t\t<span>\n\t\t\t\t\t\t\t\tK\u00f6nnen Diabetiker Loukoum essen?\t\t\t\t\t\t\t<\/span>\n\t\t\t\t\t\t<\/div>\n\t\t\t\t\t\t<span class=\"wd-accordion-opener\"><\/span>\n\t\t\t\t\t<\/div>\n\n\t\t\t\t\t<div class=\"wd-accordion-content wd-entry-content\" data-accordion-index=\"8\">\n\t\t\t\t\t\t\t\t\t\t\t\t\t\n<p class=\"p1\">Nat\u00fcrliche Loukoums enthalten eine hohe Menge an Zucker.<\/p>\n\t\t\t\t\t\t\t\t\t\t\t<\/div>\n\t\t\t\t<\/div>\n\t\t\t\t\t\t\t\n\t\t\t\t\n\t\t\t\t<div class=\"wd-accordion-item\">\n\t\t\t\t\t<div class=\"wd-accordion-title wd-role-btn font-text wd-fontsize-s wd-font-weight-600\" data-accordion-index=\"9\" tabindex=\"0\">\n\t\t\t\t\t\t<div class=\"wd-accordion-title-text\">\n\t\t\t\t\t\t\t\t\t\t\t\t\t\t<span>\n\t\t\t\t\t\t\t\tWo befinden Sie sich? Kann man Ihre Produkte in Ihrem Gesch\u00e4ft auch physisch abholen?\t\t\t\t\t\t\t<\/span>\n\t\t\t\t\t\t<\/div>\n\t\t\t\t\t\t<span class=\"wd-accordion-opener\"><\/span>\n\t\t\t\t\t<\/div>\n\n\t\t\t\t\t<div class=\"wd-accordion-content wd-entry-content\" data-accordion-index=\"9\">\n\t\t\t\t\t\t\t\t\t\t\t\t\t\n<p class=\"p1\">Wir haben unseren Sitz in Stra\u00dfburg 12 RUE JEAN PHILIPPE SCHOENFELD 67200, aber im Moment betreibt D\u00e9lice Land nur Online-Verkauf!<\/p>\n<div id=\"mciapp-exclusion-container\"><\/div>\n\t\t\t\t\t\t\t\t\t\t\t<\/div>\n\t\t\t\t<\/div>\n\t\t\t\t\t\t\t\n\t\t\t\t\n\t\t\t\t<div class=\"wd-accordion-item\">\n\t\t\t\t\t<div class=\"wd-accordion-title wd-role-btn font-text wd-fontsize-s wd-font-weight-600\" data-accordion-index=\"10\" tabindex=\"0\">\n\t\t\t\t\t\t<div class=\"wd-accordion-title-text\">\n\t\t\t\t\t\t\t\t\t\t\t\t\t\t<span>\n\t\t\t\t\t\t\t\tKann ich Loukoum im Handgep\u00e4ck mitnehmen?\t\t\t\t\t\t\t<\/span>\n\t\t\t\t\t\t<\/div>\n\t\t\t\t\t\t<span class=\"wd-accordion-opener\"><\/span>\n\t\t\t\t\t<\/div>\n\n\t\t\t\t\t<div class=\"wd-accordion-content wd-entry-content\" data-accordion-index=\"10\">\n\t\t\t\t\t\t\t\t\t\t\t\t\t\n<p class=\"p1\">Ja, das k\u00f6nnen Sie. Hierf\u00fcr gibt es keine Einschr\u00e4nkungen.<\/p>\n\t\t\t\t\t\t\t\t\t\t\t<\/div>\n\t\t\t\t<\/div>\n\t\t\t\t\t\t\t\n\t\t\t\t\n\t\t\t\t<div class=\"wd-accordion-item\">\n\t\t\t\t\t<div class=\"wd-accordion-title wd-role-btn font-text wd-fontsize-s wd-font-weight-600\" data-accordion-index=\"11\" tabindex=\"0\">\n\t\t\t\t\t\t<div class=\"wd-accordion-title-text\">\n\t\t\t\t\t\t\t\t\t\t\t\t\t\t<span>\n\t\t\t\t\t\t\t\tKann ich telefonisch oder per E-Mail bestellen?\t\t\t\t\t\t\t<\/span>\n\t\t\t\t\t\t<\/div>\n\t\t\t\t\t\t<span class=\"wd-accordion-opener\"><\/span>\n\t\t\t\t\t<\/div>\n\n\t\t\t\t\t<div class=\"wd-accordion-content wd-entry-content\" data-accordion-index=\"11\">\n\t\t\t\t\t\t\t\t\t\t\t\t\t<p>Aus Sicherheits- und Logistikgr\u00fcnden muss jede Bestellung<br \/>\nnur \u00fcber unsere E-Commerce-Website, online, aufgegeben.<\/p>\n<p>Per Telefon oder E-Mail k\u00f6nnen keine Bestellungen aufgenommen werden.<\/p>\n<div id=\"mciapp-exclusion-container\"><\/div>\n<p>&nbsp;<\/p>\n<div id=\"mciapp-exclusion-container\"><\/div>\n\t\t\t\t\t\t\t\t\t\t\t<\/div>\n\t\t\t\t<\/div>\n\t\t\t\t\t\t\t\n\t\t\t\t\n\t\t\t\t<div class=\"wd-accordion-item\">\n\t\t\t\t\t<div class=\"wd-accordion-title wd-role-btn font-text wd-fontsize-s wd-font-weight-600\" data-accordion-index=\"12\" tabindex=\"0\">\n\t\t\t\t\t\t<div class=\"wd-accordion-title-text\">\n\t\t\t\t\t\t\t\t\t\t\t\t\t\t<span>\n\t\t\t\t\t\t\t\tKann ich eine pers\u00f6nliche Nachricht hinzuf\u00fcgen?\t\t\t\t\t\t\t<\/span>\n\t\t\t\t\t\t<\/div>\n\t\t\t\t\t\t<span class=\"wd-accordion-opener\"><\/span>\n\t\t\t\t\t<\/div>\n\n\t\t\t\t\t<div class=\"wd-accordion-content wd-entry-content\" data-accordion-index=\"12\">\n\t\t\t\t\t\t\t\t\t\t\t\t\t<p>Sie haben die M\u00f6glichkeit, bei der Aufgabe Ihrer Bestellung eine pers\u00f6nliche Nachricht hinzuzuf\u00fcgen.<\/p>\n\t\t\t\t\t\t\t\t\t\t\t<\/div>\n\t\t\t\t<\/div>\n\t\t\t\t\t\t\t\n\t\t\t\t\n\t\t\t\t<div class=\"wd-accordion-item\">\n\t\t\t\t\t<div class=\"wd-accordion-title wd-role-btn font-text wd-fontsize-s wd-font-weight-600\" data-accordion-index=\"13\" tabindex=\"0\">\n\t\t\t\t\t\t<div class=\"wd-accordion-title-text\">\n\t\t\t\t\t\t\t\t\t\t\t\t\t\t<span>\n\t\t\t\t\t\t\t\tWie verwende ich einen Gutscheincode?\t\t\t\t\t\t\t<\/span>\n\t\t\t\t\t\t<\/div>\n\t\t\t\t\t\t<span class=\"wd-accordion-opener\"><\/span>\n\t\t\t\t\t<\/div>\n\n\t\t\t\t\t<div class=\"wd-accordion-content wd-entry-content\" data-accordion-index=\"13\">\n\t\t\t\t\t\t\t\t\t\t\t\t\t<p>Wenn Sie einen Gutscheincode haben, m\u00fcssen Sie diesen w\u00e4hrend des Kaufvorgangs in der Zusammenfassung Ihres Warenkorbs eingeben. Zu diesem Zeitpunkt finden Sie oben auf der Seite einen Rahmen<br \/>\nunter &#8220;Gutscheincode&#8221; anzeigt, m\u00fcssen Sie nur auf &#8220;Hinzuf\u00fcgen&#8221; klicken und den Code ausf\u00fcllen, um den Rabatt zu erhalten.<\/p>\n<div id=\"mciapp-exclusion-container\"><\/div>\n\t\t\t\t\t\t\t\t\t\t\t<\/div>\n\t\t\t\t<\/div>\n\t\t\t\t\t\t\t\n\t\t\t\t\n\t\t\t\t<div class=\"wd-accordion-item\">\n\t\t\t\t\t<div class=\"wd-accordion-title wd-role-btn font-text wd-fontsize-s wd-font-weight-600\" data-accordion-index=\"14\" tabindex=\"0\">\n\t\t\t\t\t\t<div class=\"wd-accordion-title-text\">\n\t\t\t\t\t\t\t\t\t\t\t\t\t\t<span>\n\t\t\t\t\t\t\t\tSind die Zahlungen sicher?\t\t\t\t\t\t\t<\/span>\n\t\t\t\t\t\t<\/div>\n\t\t\t\t\t\t<span class=\"wd-accordion-opener\"><\/span>\n\t\t\t\t\t<\/div>\n\n\t\t\t\t\t<div class=\"wd-accordion-content wd-entry-content\" data-accordion-index=\"14\">\n\t\t\t\t\t\t\t\t\t\t\t\t\t<p>Alle Zahlungen, die auf unserer Website get\u00e4tigt werden, sind dank des Zahlungsdienstes in<br \/>\nStripe-Linie.<br \/>\nAlle Informationen, die \u00fcber Stripe laufen, werden mit einem Protokoll verschl\u00fcsselt, das sich auf Folgendes st\u00fctzt<br \/>\ndas h\u00f6chste derzeit verf\u00fcgbare Schutzniveau. Ihre Kreditkartennummer ist nicht<br \/>\nnicht aufbewahrt.<\/p>\n<div id=\"mciapp-exclusion-container\"><\/div>\n\t\t\t\t\t\t\t\t\t\t\t<\/div>\n\t\t\t\t<\/div>\n\t\t\t\t\t\t\t\n\t\t\t\t\n\t\t\t\t<div class=\"wd-accordion-item\">\n\t\t\t\t\t<div class=\"wd-accordion-title wd-role-btn font-text wd-fontsize-s wd-font-weight-600\" data-accordion-index=\"15\" tabindex=\"0\">\n\t\t\t\t\t\t<div class=\"wd-accordion-title-text\">\n\t\t\t\t\t\t\t\t\t\t\t\t\t\t<span>\n\t\t\t\t\t\t\t\tIst meine Bestellung best\u00e4tigt?\t\t\t\t\t\t\t<\/span>\n\t\t\t\t\t\t<\/div>\n\t\t\t\t\t\t<span class=\"wd-accordion-opener\"><\/span>\n\t\t\t\t\t<\/div>\n\n\t\t\t\t\t<div class=\"wd-accordion-content wd-entry-content\" data-accordion-index=\"15\">\n\t\t\t\t\t\t\t\t\t\t\t\t\t<p>F\u00fcr jede best\u00e4tigte Bestellung wird eine Best\u00e4tigungsmail verschickt<\/p>\n<div id=\"mciapp-exclusion-container\"><\/div>\n\t\t\t\t\t\t\t\t\t\t\t<\/div>\n\t\t\t\t<\/div>\n\t\t\t\t\t\t\t\n\t\t\t\t\n\t\t\t\t<div class=\"wd-accordion-item\">\n\t\t\t\t\t<div class=\"wd-accordion-title wd-role-btn font-text wd-fontsize-s wd-font-weight-600\" data-accordion-index=\"16\" tabindex=\"0\">\n\t\t\t\t\t\t<div class=\"wd-accordion-title-text\">\n\t\t\t\t\t\t\t\t\t\t\t\t\t\t<span>\n\t\t\t\t\t\t\t\tKann ich meine Bestellung online verfolgen?\t\t\t\t\t\t\t<\/span>\n\t\t\t\t\t\t<\/div>\n\t\t\t\t\t\t<span class=\"wd-accordion-opener\"><\/span>\n\t\t\t\t\t<\/div>\n\n\t\t\t\t\t<div class=\"wd-accordion-content wd-entry-content\" data-accordion-index=\"16\">\n\t\t\t\t\t\t\t\t\t\t\t\t\t<p>Ja Sobald die Bestellung versendet wurde, erhalten Sie eine Tracking-Nummer, mit der Sie den Fortschritt der Lieferung beobachten k\u00f6nnen.<\/p>\n<div id=\"mciapp-exclusion-container\"><\/div>\n<p>&nbsp;<\/p>\n<div id=\"mciapp-exclusion-container\"><\/div>\n\t\t\t\t\t\t\t\t\t\t\t<\/div>\n\t\t\t\t<\/div>\n\t\t\t\t\t\t\t\n\t\t\t\t\n\t\t\t\t<div class=\"wd-accordion-item\">\n\t\t\t\t\t<div class=\"wd-accordion-title wd-role-btn font-text wd-fontsize-s wd-font-weight-600\" data-accordion-index=\"17\" tabindex=\"0\">\n\t\t\t\t\t\t<div class=\"wd-accordion-title-text\">\n\t\t\t\t\t\t\t\t\t\t\t\t\t\t<span>\n\t\t\t\t\t\t\t\tM\u00f6chten Sie Ihre pers\u00f6nliche Nachricht \u00e4ndern? Kontaktieren Sie uns so schnell wie m\u00f6glich!\t\t\t\t\t\t\t<\/span>\n\t\t\t\t\t\t<\/div>\n\t\t\t\t\t\t<span class=\"wd-accordion-opener\"><\/span>\n\t\t\t\t\t<\/div>\n\n\t\t\t\t\t<div class=\"wd-accordion-content wd-entry-content\" data-accordion-index=\"17\">\n\t\t\t\t\t\t\t\t\t\t\t\t\t<p>Achtung: Es ist nur m\u00f6glich, eine einzige Nachricht pro Bestellung einzugeben. M\u00f6chten Sie mehrere Nachrichten verfassen? In diesem Fall bitten wir Sie<br \/>\ngetrennte Auftr\u00e4ge zu erteilen.<\/p>\n<div id=\"mciapp-exclusion-container\"><\/div>\n\t\t\t\t\t\t\t\t\t\t\t<\/div>\n\t\t\t\t<\/div>\n\t\t\t\t\t\t\t\n\t\t\t\t\n\t\t\t\t<div class=\"wd-accordion-item\">\n\t\t\t\t\t<div class=\"wd-accordion-title wd-role-btn font-text wd-fontsize-s wd-font-weight-600\" data-accordion-index=\"18\" tabindex=\"0\">\n\t\t\t\t\t\t<div class=\"wd-accordion-title-text\">\n\t\t\t\t\t\t\t\t\t\t\t\t\t\t<span>\n\t\t\t\t\t\t\t\tKann ich meine Bestellung \u00e4ndern?\t\t\t\t\t\t\t<\/span>\n\t\t\t\t\t\t<\/div>\n\t\t\t\t\t\t<span class=\"wd-accordion-opener\"><\/span>\n\t\t\t\t\t<\/div>\n\n\t\t\t\t\t<div class=\"wd-accordion-content wd-entry-content\" data-accordion-index=\"18\">\n\t\t\t\t\t\t\t\t\t\t\t\t\t<p>Sie haben die M\u00f6glichkeit, Ihre Bestellung bei der Annahme zu \u00e4ndern.<br \/>\nund zwar bis 12 Uhr desselben Tages (Bestellungen, die am Morgen aufgegeben wurden) oder bis 23 Uhr desselben Tages.<br \/>\n(vergangene Bestellungen nach dem Mittag).<br \/>\nWenn Sie Ihre Bestellung \u00e4ndern m\u00f6chten, wenden Sie sich bitte an unser Team deliceland.fr@gmail.com<\/p>\n<div id=\"mciapp-exclusion-container\"><\/div>\n\t\t\t\t\t\t\t\t\t\t\t<\/div>\n\t\t\t\t<\/div>\n\t\t\t\t\t\t\t\n\t\t\t\t\n\t\t\t\t<div class=\"wd-accordion-item\">\n\t\t\t\t\t<div class=\"wd-accordion-title wd-role-btn font-text wd-fontsize-s wd-font-weight-600\" data-accordion-index=\"19\" tabindex=\"0\">\n\t\t\t\t\t\t<div class=\"wd-accordion-title-text\">\n\t\t\t\t\t\t\t\t\t\t\t\t\t\t<span>\n\t\t\t\t\t\t\t\tWie sollte man Loukoums aufbewahren?\t\t\t\t\t\t\t<\/span>\n\t\t\t\t\t\t<\/div>\n\t\t\t\t\t\t<span class=\"wd-accordion-opener\"><\/span>\n\t\t\t\t\t<\/div>\n\n\t\t\t\t\t<div class=\"wd-accordion-content wd-entry-content\" data-accordion-index=\"19\">\n\t\t\t\t\t\t\t\t\t\t\t\t\t<p>Loukoums werden bei Raumtemperatur zwischen 19\u00b0 und 22\u00b0 aufbewahrt. Loukoums auf der Durchreise werden aufgrund der hohen oder niedrigen Temperaturen nicht s\u00fc\u00df sein.<\/p>\n<p>Ausgezeichneter Snack, der haupts\u00e4chlich neben Tee oder Kaffee zu Hause oder im B\u00fcro f\u00fcr Ihre G\u00e4ste serviert wird.<\/p>\n\t\t\t\t\t\t\t\t\t\t\t<\/div>\n\t\t\t\t<\/div>\n\t\t\t\t\t\t\t\n\t\t\t\t\n\t\t\t\t<div class=\"wd-accordion-item\">\n\t\t\t\t\t<div class=\"wd-accordion-title wd-role-btn font-text wd-fontsize-s wd-font-weight-600\" data-accordion-index=\"20\" tabindex=\"0\">\n\t\t\t\t\t\t<div class=\"wd-accordion-title-text\">\n\t\t\t\t\t\t\t\t\t\t\t\t\t\t<span>\n\t\t\t\t\t\t\t\tKann man Loukoums im K\u00fchlschrank aufbewahren?\t\t\t\t\t\t\t<\/span>\n\t\t\t\t\t\t<\/div>\n\t\t\t\t\t\t<span class=\"wd-accordion-opener\"><\/span>\n\t\t\t\t\t<\/div>\n\n\t\t\t\t\t<div class=\"wd-accordion-content wd-entry-content\" data-accordion-index=\"20\">\n\t\t\t\t\t\t\t\t\t\t\t\t\t\n<p class=\"p1\">Ja, das k\u00f6nnen Sie. Insbesondere kann dies eine gute Alternative zu Clotted Cream sein, wenn Sie diese nicht schnell verbrauchen k\u00f6nnen.<\/p>\n\t\t\t\t\t\t\t\t\t\t\t<\/div>\n\t\t\t\t<\/div>\n\t\t\t\t\t\t\t\n\t\t\t\t\n\t\t\t\t<div class=\"wd-accordion-item\">\n\t\t\t\t\t<div class=\"wd-accordion-title wd-role-btn font-text wd-fontsize-s wd-font-weight-600\" data-accordion-index=\"21\" tabindex=\"0\">\n\t\t\t\t\t\t<div class=\"wd-accordion-title-text\">\n\t\t\t\t\t\t\t\t\t\t\t\t\t\t<span>\n\t\t\t\t\t\t\t\tKann ich meine Bestellung zur\u00fcckgeben?\t\t\t\t\t\t\t<\/span>\n\t\t\t\t\t\t<\/div>\n\t\t\t\t\t\t<span class=\"wd-accordion-opener\"><\/span>\n\t\t\t\t\t<\/div>\n\n\t\t\t\t\t<div class=\"wd-accordion-content wd-entry-content\" data-accordion-index=\"21\">\n\t\t\t\t\t\t\t\t\t\t\t\t\t\n<p class=\"p1\"><span class=\"s1\">Wenn der Kunde die Produkte aus irgendeinem Grund widerrufen m\u00f6chte, kann er sie innerhalb von 14 Tagen nach der Lieferung der Ware auf eigene Kosten zur\u00fccksenden.<\/span><span class=\"s2\"><br \/>\n<\/span><span class=\"s1\">D\u00e9lice Land wird alle n\u00fctzlichen \u00dcberpr\u00fcfungen vornehmen und bei Bedarf den Kunden auffordern, ihn um alle n\u00fctzlichen Informationen oder Fotos zu bitten.  <\/span><\/p>\n<p class=\"p1\"><span class=\"s1\">In diesem Fall bitten wir Sie, sich mit den Teams des Kundendienstes von D\u00e9lice Land &#8211; 9 rue de la Gare 67980 Hangenbieten &#8211; contact@deliceland.com &#8211;<span class=\"Apple-converted-space\">  <\/span>vorzugsweise per E-Mail unter Angabe der Bestellnummer in Verbindung zu setzen, um das aufgetretene Problem genau zu beschreiben.<\/span><\/p>\n<p class=\"p3\">Das Widerrufsrecht gilt nicht f\u00fcr Vertr\u00e4ge \u00fcber die Lieferung der folgenden Produkte:<\/p>\n<p class=\"p3\">1. Waren, die nach den Spezifikationen des Verbrauchers angefertigt werden oder deutlich personalisiert sind: Dies betrifft alle Bestellungen von individuell angefertigten Teilen, loukoums-Schatullen, loukoum-Boxen.<\/p>\n<p class=\"p3\">2. frische und verderbliche Waren wie Baklava, Schokolade, Loukoum<\/p>\n<p class=\"p3\">3. Waren, die vom Kunden nach der Lieferung entsiegelt wurden und die aus Gr\u00fcnden der Hygiene oder des Gesundheitsschutzes nicht zur\u00fcckgesandt werden k\u00f6nnen.<\/p>\n<p class=\"p4\">Bei anderen Produkten kann der Kunde gem\u00e4\u00df den geltenden Vorschriften innerhalb von vierzehn (14) Tagen nach Erhalt des Produkts von seinem Widerrufsrecht Gebrauch machen.<\/p>\n<p class=\"p3\">R\u00fccksendungen m\u00fcssen in ihrem urspr\u00fcnglichen und vollst\u00e4ndigen Zustand (Verpackung, Zubeh\u00f6r, Anleitung) erfolgen. In diesem Zusammenhang sind Sie verantwortlich. Jeder Schaden, den das Produkt bei dieser Gelegenheit erleidet, kann dazu f\u00fchren, dass das Widerrufsrecht vereitelt wird. Besch\u00e4digte, verschmutzte oder unvollst\u00e4ndige Produkte werden nicht zur\u00fcckgenommen.<\/p>\n<p class=\"p3\">Im Falle der Aus\u00fcbung des Widerrufsrechts wird die Gesellschaft D\u00e9lice Land die R\u00fcckerstattung vornehmen, nur den Preis des oder der gekauften Produkte, innerhalb einer Frist von 14 Tagen nach der Mitteilung des Antrags des Kunden und \u00fcber das gleiche Zahlungsmittel, das bei der Bestellung verwendet wurde; die Kosten f\u00fcr die R\u00fccksendung gehen zu Lasten des Kunden.<\/p>\n<p class=\"p5\"><span class=\"s2\">Nach Ablauf von 21 Tagen nach Ihrer Bestellung werden keine R\u00fccksendungen oder R\u00fcckerstattungen von Produkten mehr akzeptiert.<\/span><\/p>\n<div id=\"mciapp-exclusion-container\"><\/div>\n<p>&nbsp;<\/p>\n<div id=\"mciapp-exclusion-container\"><\/div>\n\t\t\t\t\t\t\t\t\t\t\t<\/div>\n\t\t\t\t<\/div>\n\t\t\t\t\t\t\t\t\t\t\t\t\t\t<\/div>\n\n\t\t[\/vc_column][vc_column width=&#8221;1\/6&#8243;][\/vc_column][\/vc_row]<\/p>\n<\/div>","protected":false},"excerpt":{"rendered":"<p>[vc_row full_width=&#8221;stretch_row&#8221; css=&#8221;.vc_custom_1666268269982{margin-top: -40px !important;margin-bottom: 8vh !important;padding-top: 2vh !important;padding-bottom: 3vh !important;background-color: #892039 !important;}&#8221; mobile_bg_img_hidden=&#8221;no&#8221; tablet_bg_img_hidden=&#8221;no&#8221; woodmart_parallax=&#8221;0&#8243; woodmart_gradient_switch=&#8221;no&#8221; row_reverse_mobile=&#8221;0&#8243; row_reverse_tablet=&#8221;0&#8243; woodmart_disable_overflow=&#8221;0&#8243;<\/p>\n","protected":false},"author":1,"featured_media":0,"parent":0,"menu_order":0,"comment_status":"closed","ping_status":"closed","template":"","meta":{"footnotes":""},"class_list":["post-14058","page","type-page","status-publish","hentry"],"_links":{"self":[{"href":"https:\/\/deliceland.com\/de\/wp-json\/wp\/v2\/pages\/14058","targetHints":{"allow":["GET"]}}],"collection":[{"href":"https:\/\/deliceland.com\/de\/wp-json\/wp\/v2\/pages"}],"about":[{"href":"https:\/\/deliceland.com\/de\/wp-json\/wp\/v2\/types\/page"}],"author":[{"embeddable":true,"href":"https:\/\/deliceland.com\/de\/wp-json\/wp\/v2\/users\/1"}],"replies":[{"embeddable":true,"href":"https:\/\/deliceland.com\/de\/wp-json\/wp\/v2\/comments?post=14058"}],"version-history":[{"count":0,"href":"https:\/\/deliceland.com\/de\/wp-json\/wp\/v2\/pages\/14058\/revisions"}],"wp:attachment":[{"href":"https:\/\/deliceland.com\/de\/wp-json\/wp\/v2\/media?parent=14058"}],"curies":[{"name":"wp","href":"https:\/\/api.w.org\/{rel}","templated":true}]}}