{"id":14057,"date":"2022-03-02T20:40:03","date_gmt":"2022-03-02T20:40:03","guid":{"rendered":"https:\/\/deliceland.com\/lieferung\/"},"modified":"2022-03-02T20:40:03","modified_gmt":"2022-03-02T20:40:03","slug":"lieferung","status":"publish","type":"page","link":"https:\/\/deliceland.com\/de\/lieferung\/","title":{"rendered":"Lieferung"},"content":{"rendered":"<p><strong>LIEFER- UND EMPFANGSMODALIT\u00c4TEN<\/strong><\/p>\n<p>Die Lieferungen erfolgen in Kontinentalfrankreich und in die folgenden L\u00e4nder: Belgien, D\u00e4nemark, Deutschland, England, Finnland, Irland, Italien, Luxemburg, Niederlande, \u00d6sterreich, Portugal, Schweden, Schweiz, Schottland, Spanien, und zwar innerhalb der Fristen, die bei der Aufgabe der Bestellung durch den Kunden angegeben werden.<br \/>\nDie Bestellungen werden an die Lieferadresse geliefert, die der Kunde w\u00e4hrend des Bestellvorgangs angegeben hat. Der Kunde verpflichtet sich daher, die Produkte an der auf dem Bestellschein angegebenen Adresse in Empfang zu nehmen. Es obliegt dem Kunden, die Richtigkeit der eingegebenen Informationen vor der Best\u00e4tigung der Bestellung zu \u00fcberpr\u00fcfen.<br \/>\nDer Kunde ist f\u00fcr die Angaben zum Namen und zur Adresse des Empf\u00e4ngers verantwortlich. Diese Angaben m\u00fcssen pr\u00e4zise, genau und vollst\u00e4ndig (einschlie\u00dflich T\u00fcrcode und Stockwerk) sein, um eine Lieferung unter normalen Bedingungen zu erm\u00f6glichen.<br \/>\nD\u00e9lice Land kann in keinem Fall f\u00fcr eine R\u00fccklieferung aufgrund einer falschen Adresse oder der Unm\u00f6glichkeit, an die angegebene Adresse zu liefern, haftbar gemacht werden.<br \/>\nSollte eine Lieferadresse unvollst\u00e4ndig oder ungenau sein, beh\u00e4lt sich D\u00e9lice Land das Recht vor, den Empf\u00e4nger direkt per Telefon oder E-Mail zu kontaktieren, um mit ihm die fehlenden Lieferinformationen zu erg\u00e4nzen, sofern die Telefonnummer oder die E-Mail nicht falsch ist und der Empf\u00e4nger verf\u00fcgbar ist.<br \/>\nBestellungen, die eine Postfachadresse angeben, k\u00f6nnen nicht ber\u00fccksichtigt und bearbeitet werden.<br \/>\nIm Falle der Abwesenheit des Empf\u00e4ngers oder einer Person, die die Produkte bei der Lieferung in Besitz nehmen kann, und sofern er Zugang zum Briefkasten des Empf\u00e4ngers hat, hinterl\u00e4sst der Spediteur eine Benachrichtigung, in der er den Empf\u00e4nger auffordert, sein Produkt in einem angegebenen Postamt oder einem Mondial Relay-Relaispunkt abzuholen. In keinem Fall kann D\u00e9lice Land f\u00fcr eine eventuelle Verschlechterung der Produkte aufgrund einer versp\u00e4teten Abholung beim Spediteur haftbar gemacht werden.<br \/>\nDie \u00dcberschreitung von Lieferfristen kann nicht zu Schadensersatzanspr\u00fcchen f\u00fchren.<br \/>\nSchlie\u00dflich kann der Verkauf aufgel\u00f6st werden, wenn das Produkt, f\u00fcr das der Spediteur verantwortlich ist, aus irgendeinem anderen Grund im Zusammenhang mit Zoll, Streiks oder Sch\u00e4den oder einem anderen Grund h\u00f6herer Gewalt, wie er von den Gerichten definiert wird, nicht geliefert wurde, und der Kunde hat Anspruch auf die R\u00fcckerstattung des Preises unter Ausschluss jeglicher anderer Entsch\u00e4digungen oder Schadensersatzleistungen.<\/p>\n<p><strong>DIE UNVERBINDLICHEN LIEFERFRISTEN:<\/strong><\/p>\n<p>Die Lieferzeit ber\u00fccksichtigt die Vorbereitungszeit in unseren Werkst\u00e4tten sowie die Transportzeit des Spediteurs. Bestellungen werden von Montag bis Freitag entgegengenommen (au\u00dfer an Feiertagen). Daher werden Bestellungen, die am Samstag oder Sonntag aufgegeben werden, je nach verf\u00fcgbarem Bestand am Montag oder Dienstag bearbeitet.<br \/>\nArbeitstage unserer Werkst\u00e4tten: Montag bis Freitag, au\u00dfer an Feiertagen.<br \/>\nGesch\u00e4ftstage f\u00fcr Spediteure: Montag bis Freitag, au\u00dfer an Feiertagen.<\/p>\n<p style=\"text-align: center;\">Metropolitan-Frankreich<br \/>\n1 bis 3 Werktage<br \/>\n\u00dcbriges Europa (Land verf\u00fcgbar)<br \/>\n2 bis 8 Werktage<\/p>\n<p style=\"text-align: left;\"><strong>LIEFERKOSTEN<\/strong><\/p>\n<p style=\"text-align: left;\">Die H\u00f6he der Lieferkosten variiert je nach der angegebenen Lieferadresse. Die Versandkosten werden automatisch berechnet und beim Abschluss der Bestellung angezeigt.<\/p>\n<p style=\"text-align: center;\">&#8211; Express-Lieferung nach Hause oder an den Arbeitsplatz:<br \/>\n0 &#8211; 79\u20ac: G\u00fcltiger Tarif UPS<br \/>\nAb 79\u20ac: kostenlos<\/p>\n<p style=\"text-align: center;\">&#8211; Lieferung in Mondial Relay-Relais:<br \/>\n0 &#8211; 79\u20ac: 3,25\u20ac<br \/>\nAb einem Preis von 79\u20ac: Kostenlos<\/p>\n<p>* (au\u00dfer &#8220;schwer zug\u00e4ngliche Gebiete&#8221;, wo ein Zuschlag von 5\u20ac vom Transportunternehmen erhoben wird)<\/p>\n<p><strong>VERSANDKOSTEN &#8211; EUROPA<\/strong><\/p>\n<p>ZONE<br \/>\nLAND<br \/>\nLIEFERKOSTEN<br \/>\nZONE 1<br \/>\nDeutschland, Belgien, Luxemburg, Niederlande<br \/>\nPreis nach Gewicht<br \/>\nZONE 2<br \/>\nD\u00e4nemark, England, Finnland, Italien, Irland, \u00d6sterreich, Portugal, Schweden, Schweiz, Spanien, Schottland<br \/>\nPreis nach Gewicht<\/p>\n<p><strong>RETRACTION<\/strong><br \/>\nWenn der Kunde die Produkte aus irgendeinem Grund widerrufen m\u00f6chte, kann er sie innerhalb von 14 Tagen nach der Lieferung der Ware auf eigene Kosten zur\u00fccksenden. D\u00e9lice Land wird alle n\u00fctzlichen \u00dcberpr\u00fcfungen vornehmen und bei Bedarf den Kunden auffordern, ihn um alle n\u00fctzlichen Informationen oder Fotos zu bitten.<br \/>\nIn diesem Fall bitten wir Sie, sich mit den Kundendienstteams von D\u00e9lice Land &#8211; 9 rue de la Gare 67980 Hangenbieten &#8211; contact@deliceland.com &#8211; in Verbindung zu setzen, am besten per E-Mail unter Angabe der Bestellnummer, um das aufgetretene Problem genau zu beschreiben.<\/p>\n<p>Das Widerrufsrecht gilt nicht f\u00fcr Vertr\u00e4ge \u00fcber die Lieferung der folgenden Produkte:<br \/>\n1. Waren, die nach den Spezifikationen des Verbrauchers angefertigt werden oder deutlich personalisiert sind: Dies betrifft alle Bestellungen von montierten Teilen, Loukoum-Schatullen, personalisierten Loukoum-Boxen.<br \/>\n2. frische und verderbliche Waren wie Baklava, Schokolade, Loukoums<br \/>\n3. Waren, die vom Kunden nach der Lieferung entsiegelt wurden und die aus Gr\u00fcnden der Hygiene oder des Gesundheitsschutzes nicht zur\u00fcckgesandt werden k\u00f6nnen.<\/p>\n<p>Bei anderen Produkten kann der Kunde gem\u00e4\u00df den geltenden Vorschriften innerhalb von vierzehn (14) Tagen nach Erhalt des Produkts von seinem Widerrufsrecht Gebrauch machen.<\/p>\n<p>R\u00fccksendungen m\u00fcssen in ihrem urspr\u00fcnglichen und vollst\u00e4ndigen Zustand (Verpackung, Zubeh\u00f6r, Anleitung) erfolgen. In diesem Zusammenhang sind Sie verantwortlich. Jeder Schaden, den das Produkt bei dieser Gelegenheit erleidet, kann dazu f\u00fchren, dass das Widerrufsrecht vereitelt wird. Besch\u00e4digte, verschmutzte oder unvollst\u00e4ndige Produkte werden nicht zur\u00fcckgenommen.<\/p>\n<p>Im Falle der Aus\u00fcbung des Widerrufsrechts wird die Gesellschaft D\u00e9lice Land die R\u00fcckerstattung vornehmen, nur den Preis des oder der gekauften Produkte, innerhalb einer Frist von 14 Tagen nach der Mitteilung des Antrags des Kunden und \u00fcber das gleiche Zahlungsmittel, das bei der Bestellung verwendet wurde; die Kosten f\u00fcr die R\u00fccksendung gehen zu Lasten des Kunden.<br \/>\nNach Ablauf von 21 Tagen nach Ihrer Bestellung werden keine R\u00fccksendungen oder R\u00fcckerstattungen von Produkten mehr akzeptiert.<\/p>\n<p><strong>AUSNAHMEN VOM WIDERRUFSRECHT<\/strong><\/p>\n<p>Gem\u00e4\u00df den Bestimmungen von Artikel L.121-21-8 des franz\u00f6sischen Verbraucherschutzgesetzes gilt das Widerrufsrecht nicht f\u00fcr :<\/p>\n<p>Die Erbringung von Dienstleistungen, die vor Ablauf der Widerrufsfrist vollst\u00e4ndig erbracht wurden und mit deren Ausf\u00fchrung nach der ausdr\u00fccklichen vorherigen Zustimmung des Verbrauchers und dem ausdr\u00fccklichen Verzicht auf sein Widerrufsrecht begonnen wurde.<br \/>\nDie Lieferung von Waren oder Dienstleistungen, deren Preis von Schwankungen auf dem Finanzmarkt abh\u00e4ngt, die sich der Kontrolle des Gewerbetreibenden entziehen und die w\u00e4hrend der Widerrufsfrist auftreten k\u00f6nnen.<br \/>\nDie Lieferung von Waren, die nach den Spezifikationen des Verbrauchers angefertigt oder deutlich personalisiert wurden.<br \/>\nDie Lieferung von G\u00fctern, die sich verschlechtern oder schnell verderben k\u00f6nnen.<br \/>\nDie Lieferung von Waren, die nach der Lieferung vom Verbraucher entsiegelt wurden und die aus Gr\u00fcnden der Hygiene oder des Gesundheitsschutzes nicht zur\u00fcckgesandt werden k\u00f6nnen.<br \/>\nDie Lieferung von Waren, die nach ihrer Lieferung und aufgrund ihrer Art untrennbar mit anderen Artikeln vermischt werden.<\/p>\n","protected":false},"excerpt":{"rendered":"<p>LIEFER- UND EMPFANGSMODALIT\u00c4TEN Die Lieferungen erfolgen in Kontinentalfrankreich und in die folgenden L\u00e4nder: Belgien, D\u00e4nemark, Deutschland, England, Finnland, Irland, Italien,<\/p>\n","protected":false},"author":1,"featured_media":0,"parent":0,"menu_order":0,"comment_status":"closed","ping_status":"closed","template":"","meta":{"footnotes":""},"class_list":["post-14057","page","type-page","status-publish","hentry"],"_links":{"self":[{"href":"https:\/\/deliceland.com\/de\/wp-json\/wp\/v2\/pages\/14057","targetHints":{"allow":["GET"]}}],"collection":[{"href":"https:\/\/deliceland.com\/de\/wp-json\/wp\/v2\/pages"}],"about":[{"href":"https:\/\/deliceland.com\/de\/wp-json\/wp\/v2\/types\/page"}],"author":[{"embeddable":true,"href":"https:\/\/deliceland.com\/de\/wp-json\/wp\/v2\/users\/1"}],"replies":[{"embeddable":true,"href":"https:\/\/deliceland.com\/de\/wp-json\/wp\/v2\/comments?post=14057"}],"version-history":[{"count":0,"href":"https:\/\/deliceland.com\/de\/wp-json\/wp\/v2\/pages\/14057\/revisions"}],"wp:attachment":[{"href":"https:\/\/deliceland.com\/de\/wp-json\/wp\/v2\/media?parent=14057"}],"curies":[{"name":"wp","href":"https:\/\/api.w.org\/{rel}","templated":true}]}}