{"id":14028,"date":"2022-03-02T19:40:26","date_gmt":"2022-03-02T19:40:26","guid":{"rendered":"https:\/\/deliceland.com\/rechtliche-hinweise\/"},"modified":"2024-10-05T15:56:15","modified_gmt":"2024-10-05T15:56:15","slug":"legalitatsvermerke","status":"publish","type":"page","link":"https:\/\/deliceland.com\/de\/legalitatsvermerke\/","title":{"rendered":"Rechtliche Hinweise"},"content":{"rendered":"<div class=\"wpb-content-wrapper\"><p>[vc_row][vc_column width=&#8221;1\/4&#8243;][\/vc_column][vc_column width=&#8221;1\/2&#8243;][vc_column_text css=&#8221;&#8221; woodmart_inline=&#8221;no&#8221; text_larger=&#8221;no&#8221;]<\/p>\n<h2 class=\"p2\">ALLGEMEINE GESCH\u00c4FTSBEDINGUNGEN<\/h2>\n<h3 class=\"p2\">1 &#8211;<span class=\"Apple-converted-space\"> <\/span>Rechtliche Hinweise<\/h3>\n<p class=\"p2\"><strong>DELICE LAND<\/strong><\/p>\n<p class=\"p2\"><strong>Unternehmen SAS<\/strong><\/p>\n<p class=\"p2\">Eingetragener <strong>Sitz:<\/strong> 32 All\u00e9e de la Ronertsau 67000 STRASBOURG<\/p>\n<p class=\"p2\"><strong>Intrakommunale Mehrwertsteuernummer:<\/strong> FR96899995807<\/p>\n<p class=\"p2\"><strong>Handelsregisternummer:<\/strong> Stra\u00dfburg B 899 995 807<\/p>\n<p class=\"p2\">Der Verantwortliche f\u00fcr die Ver\u00f6ffentlichung ist DINC Maxime.<\/p>\n<p class=\"p3\"><span class=\"s1\">F\u00fcr Anregungen oder Informationen zur Website k\u00f6nnen Sie an die folgende E-Mail-Adresse schreiben: <\/span><span class=\"s2\">deliceland.fr@gmail.com<\/span><\/p>\n<p class=\"p3\"><strong><span class=\"s1\">Unterbringung :<\/span><\/strong><\/p>\n<p class=\"p3\"><span class=\"s1\">Hiboou Digital, SAS mit einem Kapital von 6.000 \u20ac, eingetragen im Handelsregister von Stra\u00dfburg unter der Nummer 850 212 895<span class=\"Apple-converted-space\">  <\/span>mit Sitz in 32 All\u00e9e de la Robertsau 67000 Stra\u00dfburg.  <\/span><\/p>\n<p class=\"p3\"><strong><span class=\"s1\">Konzeption \/ Design \/ Entwicklung :<\/span><\/strong><\/p>\n<p class=\"p3\"><span class=\"s1\">Hiboou Digital, SAS mit einem Kapital von 6.000 \u20ac, eingetragen im Handelsregister von Stra\u00dfburg unter der Nummer 850 212 895, mit Sitz in 32 All\u00e9e de la Robertsau 67000 Stra\u00dfburg.  <\/span><\/p>\n<p class=\"p2\">Allgemeine Gesch\u00e4ftsbedingungen f\u00fcr die auf D\u00e9lice Land verkauften Produkte<\/p>\n<h3 class=\"p2\">2 &#8211; Gegenstand<\/h3>\n<p class=\"p2\">Die vorliegenden Bedingungen regeln den Verkauf durch die Firma D\u00e9lice Land 12 rue Jean Philippe Schoenfeld 67200 Strasbourg.<\/p>\n<p>[\/vc_column_text][\/vc_column][vc_column width=&#8221;1\/4&#8243;][\/vc_column][\/vc_row]<\/p>\n<\/div>","protected":false},"excerpt":{"rendered":"<p>[vc_row][vc_column width=&#8221;1\/4&#8243;][\/vc_column][vc_column width=&#8221;1\/2&#8243;][vc_column_text css=&#8221;&#8221; woodmart_inline=&#8221;no&#8221; text_larger=&#8221;no&#8221;] ALLGEMEINE GESCH\u00c4FTSBEDINGUNGEN 1 &#8211; Rechtliche Hinweise DELICE LAND Unternehmen SAS Eingetragener Sitz: 32 All\u00e9e<\/p>\n","protected":false},"author":1,"featured_media":0,"parent":0,"menu_order":0,"comment_status":"closed","ping_status":"closed","template":"","meta":{"footnotes":""},"class_list":["post-14028","page","type-page","status-publish","hentry"],"_links":{"self":[{"href":"https:\/\/deliceland.com\/de\/wp-json\/wp\/v2\/pages\/14028","targetHints":{"allow":["GET"]}}],"collection":[{"href":"https:\/\/deliceland.com\/de\/wp-json\/wp\/v2\/pages"}],"about":[{"href":"https:\/\/deliceland.com\/de\/wp-json\/wp\/v2\/types\/page"}],"author":[{"embeddable":true,"href":"https:\/\/deliceland.com\/de\/wp-json\/wp\/v2\/users\/1"}],"replies":[{"embeddable":true,"href":"https:\/\/deliceland.com\/de\/wp-json\/wp\/v2\/comments?post=14028"}],"version-history":[{"count":0,"href":"https:\/\/deliceland.com\/de\/wp-json\/wp\/v2\/pages\/14028\/revisions"}],"wp:attachment":[{"href":"https:\/\/deliceland.com\/de\/wp-json\/wp\/v2\/media?parent=14028"}],"curies":[{"name":"wp","href":"https:\/\/api.w.org\/{rel}","templated":true}]}}