{"id":14017,"date":"2022-03-01T18:50:13","date_gmt":"2022-03-01T18:50:13","guid":{"rendered":"https:\/\/deliceland.com\/datenschutzrichtlinie\/"},"modified":"2022-11-09T10:24:12","modified_gmt":"2022-11-09T10:24:12","slug":"datenschutzrichtlinie","status":"publish","type":"page","link":"https:\/\/deliceland.com\/de\/datenschutzrichtlinie\/","title":{"rendered":"Datenschutzrichtlinie"},"content":{"rendered":"<div class=\"wpb-content-wrapper\"><p>[vc_row][vc_column width=&#8221;1\/6&#8243;][\/vc_column][vc_column width=&#8221;2\/3&#8243;][vc_column_text woodmart_inline=&#8221;no&#8221; text_larger=&#8221;no&#8221;]<\/p>\n<h3>Richtlinien im Zusammenhang mit Cookies<\/h3>\n<p>D\u00e9lice Land ist besonders darauf bedacht, dass Sie ihr vertrauen. Aus diesem Grund informieren wir Sie \u00fcber die pers\u00f6nlichen Daten, die Sie uns anvertrauen, und versichern Ihnen, dass wir Ihre Kontaktdaten niemals an Dritte weitergeben oder offenlegen werden, ohne vorher Ihre Zustimmung einzuholen.<\/p>\n<p>Wir halten es f\u00fcr grundlegend wichtig, dass Sie genau verstehen, was ein Cookie ist und wof\u00fcr es verwendet wird.<\/p>\n<p>Sie stimmen der Verwendung von Cookies auf unserer Seite zu, indem Sie bei Ihrem ersten Besuch auf unserer Seite das Setzen von Cookies akzeptieren.<\/p>\n<h3>Was sind Cookies?<\/h3>\n<p>Cookies sind einfach kleine Textdateien, die auf Ihrem Computer oder Smartphone gespeichert werden, wenn Sie eine Website besuchen.<\/p>\n<p>Cookies stellen keine Gefahr f\u00fcr Ihren Computer oder Ihr Smartphone dar. Sie sind im Gegenteil sehr n\u00fctzlich, da sie es einer Website erm\u00f6glichen, Sie zu erkennen und so Ihr Surfverhalten zu verbessern. Aus diesem Grund verwendet D\u00e9lice Land Cookies, um die Qualit\u00e4t ihrer Dienstleistungen zu verbessern.<\/p>\n<h3>Unsere Cookie-Richtlinie<\/h3>\n<p>Wenn Sie unsere Website optimal nutzen m\u00f6chten, m\u00fcssen Sie die Verwendung von Cookies zulassen. Denn wir k\u00f6nnen Ihnen nur dann eine Personalisierung anbieten, wenn Cookies zugelassen sind.<\/p>\n<p>Sie k\u00f6nnen Cookies nat\u00fcrlich ablehnen, indem Sie in Ihrem Browser nachsehen, wie Sie die Cookie-Einstellungen \u00e4ndern k\u00f6nnen. Aber noch einmal: Unsere Cookies speichern keine sensiblen Informationen. Unsere Website verwendet (oder wird verwenden) im Wesentlichen die folgenden Cookies: betriebsnotwendige Cookies (um die Navigation zu erleichtern), Leistungscookies (um die Besucherzahlen zu messen, indem wir unsere beliebtesten Seiten und den Datenverkehr verfolgen oder \u00fcber das Facebook-Tracking-Pixel), Funktionscookies (um sich Ihre Pr\u00e4ferenzen zu merken) und Werbecookies (um Dritten zu erlauben, Ihnen auf unserer Website personalisierte und relevante Werbeinhalte anzubieten).<\/p>\n<h3>Wie kann ich Cookies vermeiden?<\/h3>\n<p>Sie k\u00f6nnen die Verwendung von Cookies jederzeit verhindern, indem Sie Ihre Browsereinstellungen konfigurieren. Stattdessen sollten Sie wissen, dass die Ablehnung bestimmter Cookies den normalen Betrieb unserer Website verhindern kann.<\/p>\n<h3>Haben Sie noch Fragen?<\/h3>\n<p>Wenn Sie noch etwas nicht verstanden haben, k\u00f6nnen Sie uns jederzeit \u00fcber die E-Mail-Adresse: contact@deliceland.com kontaktieren.[\/vc_column_text][\/vc_column][vc_column width=&#8221;1\/6&#8243;][\/vc_column][\/vc_row]<\/p>\n<\/div>","protected":false},"excerpt":{"rendered":"<p>[vc_row][vc_column width=&#8221;1\/6&#8243;][\/vc_column][vc_column width=&#8221;2\/3&#8243;][vc_column_text woodmart_inline=&#8221;no&#8221; text_larger=&#8221;no&#8221;] Richtlinien im Zusammenhang mit Cookies D\u00e9lice Land ist besonders darauf bedacht, dass Sie ihr vertrauen.<\/p>\n","protected":false},"author":1,"featured_media":0,"parent":0,"menu_order":0,"comment_status":"closed","ping_status":"open","template":"","meta":{"footnotes":""},"class_list":["post-14017","page","type-page","status-publish","hentry"],"_links":{"self":[{"href":"https:\/\/deliceland.com\/de\/wp-json\/wp\/v2\/pages\/14017","targetHints":{"allow":["GET"]}}],"collection":[{"href":"https:\/\/deliceland.com\/de\/wp-json\/wp\/v2\/pages"}],"about":[{"href":"https:\/\/deliceland.com\/de\/wp-json\/wp\/v2\/types\/page"}],"author":[{"embeddable":true,"href":"https:\/\/deliceland.com\/de\/wp-json\/wp\/v2\/users\/1"}],"replies":[{"embeddable":true,"href":"https:\/\/deliceland.com\/de\/wp-json\/wp\/v2\/comments?post=14017"}],"version-history":[{"count":0,"href":"https:\/\/deliceland.com\/de\/wp-json\/wp\/v2\/pages\/14017\/revisions"}],"wp:attachment":[{"href":"https:\/\/deliceland.com\/de\/wp-json\/wp\/v2\/media?parent=14017"}],"curies":[{"name":"wp","href":"https:\/\/api.w.org\/{rel}","templated":true}]}}